{"id":1056,"date":"2021-07-12T09:28:36","date_gmt":"2021-07-12T09:28:36","guid":{"rendered":"https:\/\/bambouclean.com\/contacteer-ons\/"},"modified":"2026-02-02T19:34:51","modified_gmt":"2026-02-02T19:34:51","slug":"contacteer-ons","status":"publish","type":"page","link":"https:\/\/bambouclean.com\/nl\/contacteer-ons\/","title":{"rendered":"Contacteer ons"},"content":{"rendered":"\t\t<div data-elementor-type=\"wp-page\" data-elementor-id=\"1056\" class=\"elementor elementor-1056 elementor-547\">\n\t\t\t\t\t\t<section class=\"elementor-section elementor-top-section elementor-element elementor-element-14373a0 elementor-section-full_width qode_elementor_container_inner elementor-section-height-default elementor-section-height-default parallax_section_no\" data-id=\"14373a0\" data-element_type=\"section\">\n\t\t\t\t\t\t<div class=\"elementor-container elementor-column-gap-default\">\n\t\t\t\t\t<div class=\"elementor-column elementor-col-50 elementor-top-column elementor-element elementor-element-f79de59\" data-id=\"f79de59\" data-element_type=\"column\">\n\t\t\t<div class=\"elementor-widget-wrap elementor-element-populated\">\n\t\t\t\t\t\t<div class=\"elementor-element elementor-element-030ace6 elementor-widget elementor-widget-text-editor\" data-id=\"030ace6\" data-element_type=\"widget\" data-widget_type=\"text-editor.default\">\n\t\t\t\t<div class=\"elementor-widget-container\">\n\t\t\t\t\t\t\t\t\t<h4><strong data-start=\"104\" data-end=\"149\">Bambou Clean beantwoordt al uw vragen<\/strong><\/h4><p data-start=\"104\" data-end=\"149\"><strong data-start=\"104\" data-end=\"149\"> <\/strong><\/p><p data-start=\"151\" data-end=\"371\">Als specialist in <strong data-start=\"166\" data-end=\"214\">het verwijderen en beheersen van invasieve bamboe<\/strong>, komt <strong data-start=\"216\" data-end=\"232\">Bambou Clean<\/strong> in actie in <strong data-start=\"247\" data-end=\"259\">Belgi\u00eb<\/strong> en <strong data-start=\"271\" data-end=\"292\">Noord-Frankrijk<\/strong> om u te helpen een schoon, veilig en duurzaam vrijgemaakt terrein terug te krijgen.<\/p><p data-start=\"373\" data-end=\"649\">Wij zijn <strong data-start=\"385\" data-end=\"490\">een van de weinige bedrijven in Europa die zich volledig hebben gespecialiseerd in de uitroeiing van bamboe<\/strong>. Deze specialisatie stelt ons in staat een <strong data-start=\"547\" data-end=\"580\">technische, nauwkeurige en duurzame<\/strong> aanpak te bieden, geschikt voor zowel particulieren als professionals en overheden.<\/p><p data-start=\"651\" data-end=\"784\">Onze methode is zowel <strong data-start=\"679\" data-end=\"738\">nauwkeurig, milieuvriendelijk als effectief<\/strong>, zelfs in de meest complexe situaties.<\/p><p data-start=\"651\" data-end=\"784\"> <\/p><p data-start=\"786\" data-end=\"877\"><img decoding=\"async\" class=\"emoji\" role=\"img\" draggable=\"false\" src=\"https:\/\/s.w.org\/images\/core\/emoji\/16.0.1\/svg\/1f449.svg\" alt=\"\ud83d\udc49\"> <strong data-start=\"789\" data-end=\"822\">Neem nu contact met ons op<\/strong> voor een persoonlijke beoordeling of een gratis offerte.<\/p><p data-start=\"786\" data-end=\"877\"> <\/p><p data-start=\"786\" data-end=\"877\"> <\/p>\t\t\t\t\t\t\t\t<\/div>\n\t\t\t\t<\/div>\n\t\t\t\t<div class=\"elementor-element elementor-element-aa2e8c7 elementor-widget elementor-widget-text-editor\" data-id=\"aa2e8c7\" data-element_type=\"widget\" data-widget_type=\"text-editor.default\">\n\t\t\t\t<div class=\"elementor-widget-container\">\n\t\t\t\t\t\t\t\t\t<h5><span style=\"background-color: #ffffff;\">E-mail:<\/span> <a style=\"background-color: #ffffff;\" href=\"mailto:info@bambouclean.com\">info@bambouclean.com<\/a><br><span style=\"background-color: #ffffff;\">GSM:<\/span> +32 474 45 50 00<\/h5>\t\t\t\t\t\t\t\t<\/div>\n\t\t\t\t<\/div>\n\t\t\t\t\t<\/div>\n\t\t<\/div>\n\t\t\t\t<div class=\"elementor-column elementor-col-50 elementor-top-column elementor-element elementor-element-fe7caaa\" data-id=\"fe7caaa\" data-element_type=\"column\">\n\t\t\t<div class=\"elementor-widget-wrap elementor-element-populated\">\n\t\t\t\t\t\t<div class=\"elementor-element elementor-element-fd430f6 elementor-widget elementor-widget-text-editor\" data-id=\"fd430f6\" data-element_type=\"widget\" data-widget_type=\"text-editor.default\">\n\t\t\t\t<div class=\"elementor-widget-container\">\n\t\t\t\t\t\t\t\t\t<h2><strong>Stuur ons een bericht<\/strong><\/h2>\t\t\t\t\t\t\t\t<\/div>\n\t\t\t\t<\/div>\n\t\t\t\t<div class=\"elementor-element elementor-element-41369ac elementor-widget__width-auto elementor-widget elementor-widget-bridge_icon\" data-id=\"41369ac\" data-element_type=\"widget\" data-widget_type=\"bridge_icon.default\">\n\t\t\t\t<div class=\"elementor-widget-container\">\n\t\t\t\t\t<span data-type=\"normal\" data-hover-icon-color=\"#000000\" class=\"qode_icon_shortcode  q_font_awsome_icon fa-lg  \" style=\"margin: 0 10px 0 0; \"><a  itemprop=\"url\" href=\"https:\/\/www.google.com\" target=\"_blank\"><i class=\"qode_icon_font_awesome fa fa-google-plus qode_icon_element\" style=\"font-size: 15px;color: #A2C046;\" ><\/i><\/a><\/span>\t\t\t\t<\/div>\n\t\t\t\t<\/div>\n\t\t\t\t<div class=\"elementor-element elementor-element-8029ac5 elementor-widget__width-auto elementor-widget elementor-widget-bridge_icon\" data-id=\"8029ac5\" data-element_type=\"widget\" data-widget_type=\"bridge_icon.default\">\n\t\t\t\t<div class=\"elementor-widget-container\">\n\t\t\t\t\t<span data-type=\"normal\" data-hover-icon-color=\"#000000\" class=\"qode_icon_shortcode  q_font_awsome_icon fa-lg  \" style=\"margin: 0 10px 0 0; \"><a  itemprop=\"url\" href=\"https:\/\/www.linkedin.com\/company\/\" target=\"_blank\"><i class=\"qode_icon_font_awesome fa fa-linkedin qode_icon_element\" style=\"font-size: 15px;color: #A2C046;\" ><\/i><\/a><\/span>\t\t\t\t<\/div>\n\t\t\t\t<\/div>\n\t\t\t\t<div class=\"elementor-element elementor-element-a45796e elementor-widget__width-auto elementor-widget elementor-widget-bridge_icon\" data-id=\"a45796e\" data-element_type=\"widget\" data-widget_type=\"bridge_icon.default\">\n\t\t\t\t<div class=\"elementor-widget-container\">\n\t\t\t\t\t<span data-type=\"normal\" data-hover-icon-color=\"#000000\" class=\"qode_icon_shortcode  q_font_awsome_icon fa-lg  \" style=\"margin: 0 10px 0 0; \"><a  itemprop=\"url\" href=\"https:\/\/www.facebook.com\/\" target=\"_blank\"><i class=\"qode_icon_font_awesome fa fa-facebook qode_icon_element\" style=\"font-size: 15px;color: #A2C046;\" ><\/i><\/a><\/span>\t\t\t\t<\/div>\n\t\t\t\t<\/div>\n\t\t\t\t<div class=\"elementor-element elementor-element-50caa76 elementor-widget__width-auto elementor-widget elementor-widget-bridge_icon\" data-id=\"50caa76\" data-element_type=\"widget\" data-widget_type=\"bridge_icon.default\">\n\t\t\t\t<div class=\"elementor-widget-container\">\n\t\t\t\t\t<span data-type=\"normal\" data-hover-icon-color=\"#000000\" class=\"qode_icon_shortcode  q_font_awsome_icon fa-lg  \" style=\"margin: 0 10px 0 0; \"><a  itemprop=\"url\" href=\"https:\/\/www.instagram.com\/\" target=\"_blank\"><i class=\"qode_icon_font_awesome fa fa-instagram qode_icon_element\" style=\"font-size: 15px;color: #A2C046;\" ><\/i><\/a><\/span>\t\t\t\t<\/div>\n\t\t\t\t<\/div>\n\t\t\t\t<div class=\"elementor-element elementor-element-46d78c6 elementor-widget__width-auto elementor-widget elementor-widget-bridge_icon\" data-id=\"46d78c6\" data-element_type=\"widget\" data-widget_type=\"bridge_icon.default\">\n\t\t\t\t<div class=\"elementor-widget-container\">\n\t\t\t\t\t<span data-type=\"normal\" data-hover-icon-color=\"#000000\" class=\"qode_icon_shortcode  q_font_awsome_icon fa-lg  \" style=\"margin: 0 10px 0 0; \"><a  itemprop=\"url\" href=\"https:\/\/twitter.com\/\" target=\"_blank\"><i class=\"qode_icon_font_awesome fa fa-twitter qode_icon_element\" style=\"font-size: 15px;color: #A2C046;\" ><\/i><\/a><\/span>\t\t\t\t<\/div>\n\t\t\t\t<\/div>\n\t\t\t\t<div class=\"elementor-element elementor-element-9deec92 elementor-widget elementor-widget-bridge_cf_7\" data-id=\"9deec92\" data-element_type=\"widget\" data-widget_type=\"bridge_cf_7.default\">\n\t\t\t\t<div class=\"elementor-widget-container\">\n\t\t\t\t\t    <div class=\"qode-contact-form-7 qode-contact-form-7-0\">\n    \n<div class=\"wpcf7 no-js\" id=\"wpcf7-f873-o1\" lang=\"fr-FR\" dir=\"ltr\" data-wpcf7-id=\"873\">\n<div class=\"screen-reader-response\"><p role=\"status\" aria-live=\"polite\" aria-atomic=\"true\"><\/p> <ul><\/ul><\/div>\n<form action=\"\/nl\/wp-json\/wp\/v2\/pages\/1056#wpcf7-f873-o1\" method=\"post\" class=\"wpcf7-form init cf7_custom_style_1\" aria-label=\"Formulaire de contact\" novalidate=\"novalidate\" data-status=\"init\">\n<div style=\"display: none;\">\n<input type=\"hidden\" name=\"_wpcf7\" value=\"873\" \/>\n<input type=\"hidden\" name=\"_wpcf7_version\" value=\"6.0.6\" \/>\n<input type=\"hidden\" name=\"_wpcf7_locale\" value=\"fr_FR\" \/>\n<input type=\"hidden\" name=\"_wpcf7_unit_tag\" value=\"wpcf7-f873-o1\" \/>\n<input type=\"hidden\" name=\"_wpcf7_container_post\" value=\"0\" \/>\n<input type=\"hidden\" name=\"_wpcf7_posted_data_hash\" value=\"\" \/>\n<\/div>\n<div class=\"two_columns_50_50 clearfix\">\n<div class=\"column1\">\n<div class=\"column_inner\">\n<span class=\"wpcf7-form-control-wrap\" data-name=\"your-name\"><input size=\"40\" maxlength=\"400\" class=\"wpcf7-form-control wpcf7-text\" aria-invalid=\"false\" placeholder=\"Votre nom\" value=\"\" type=\"text\" name=\"your-name\" \/><\/span>\n<span class=\"wpcf7-form-control-wrap\" data-name=\"your-email\"><input size=\"40\" maxlength=\"400\" class=\"wpcf7-form-control wpcf7-email wpcf7-text wpcf7-validates-as-email\" aria-invalid=\"false\" placeholder=\"Votre adresse email\" value=\"\" type=\"email\" name=\"your-email\" \/><\/span>\n<\/div>\n<\/div>\n<div class=\"column2\">\n<div class=\"column_inner\">\n<span class=\"wpcf7-form-control-wrap\" data-name=\"your-prename\"><input size=\"40\" maxlength=\"400\" class=\"wpcf7-form-control wpcf7-text\" aria-invalid=\"false\" placeholder=\"Votre pr\u00e9nom\" value=\"\" type=\"text\" name=\"your-prename\" \/><\/span>\n<span class=\"wpcf7-form-control-wrap\" data-name=\"tel-995\"><input size=\"40\" maxlength=\"400\" class=\"wpcf7-form-control wpcf7-tel wpcf7-text wpcf7-validates-as-tel\" aria-invalid=\"false\" value=\"Votre num\u00e9ro de t\u00e9l\u00e9phone\" type=\"tel\" name=\"tel-995\" \/><\/span>\n\n<\/div>\n<\/div>\n<\/div>\n<p><span class=\"wpcf7-form-control-wrap\" data-name=\"your-message\"><textarea cols=\"40\" rows=\"10\" maxlength=\"2000\" class=\"wpcf7-form-control wpcf7-textarea\" aria-invalid=\"false\" placeholder=\"Write your message\" name=\"your-message\"><\/textarea><\/span><\/p>\n<p><input class=\"wpcf7-form-control wpcf7-submit has-spinner\" type=\"submit\" value=\"Send\" \/><\/p><div class=\"wpcf7-response-output\" aria-hidden=\"true\"><\/div>\n<\/form>\n<\/div>\n    <\/div>\n\t\t\t\t<\/div>\n\t\t\t\t<\/div>\n\t\t\t\t\t<\/div>\n\t\t<\/div>\n\t\t\t\t\t<\/div>\n\t\t<\/section>\n\t\t\t\t<\/div>\n\t\t","protected":false},"excerpt":{"rendered":"<p>Bambou Clean beantwoordt al uw vragen Als specialist in het verwijderen en beheersen van invasieve bamboe, komt Bambou Clean in actie in Belgi\u00eb en Noord-Frankrijk om u te helpen een schoon, veilig en duurzaam vrijgemaakt terrein terug te krijgen. Wij zijn een van de weinige&#8230;<\/p>\n","protected":false},"author":1,"featured_media":0,"parent":0,"menu_order":0,"comment_status":"closed","ping_status":"closed","template":"full_width.php","meta":{"content-type":"","footnotes":""},"class_list":["post-1056","page","type-page","status-publish","hentry"],"aioseo_notices":[],"_links":{"self":[{"href":"https:\/\/bambouclean.com\/nl\/wp-json\/wp\/v2\/pages\/1056","targetHints":{"allow":["GET"]}}],"collection":[{"href":"https:\/\/bambouclean.com\/nl\/wp-json\/wp\/v2\/pages"}],"about":[{"href":"https:\/\/bambouclean.com\/nl\/wp-json\/wp\/v2\/types\/page"}],"author":[{"embeddable":true,"href":"https:\/\/bambouclean.com\/nl\/wp-json\/wp\/v2\/users\/1"}],"replies":[{"embeddable":true,"href":"https:\/\/bambouclean.com\/nl\/wp-json\/wp\/v2\/comments?post=1056"}],"version-history":[{"count":4,"href":"https:\/\/bambouclean.com\/nl\/wp-json\/wp\/v2\/pages\/1056\/revisions"}],"predecessor-version":[{"id":1199,"href":"https:\/\/bambouclean.com\/nl\/wp-json\/wp\/v2\/pages\/1056\/revisions\/1199"}],"wp:attachment":[{"href":"https:\/\/bambouclean.com\/nl\/wp-json\/wp\/v2\/media?parent=1056"}],"curies":[{"name":"wp","href":"https:\/\/api.w.org\/{rel}","templated":true}]}}