{"id":1293,"date":"2026-02-18T10:32:26","date_gmt":"2026-02-18T10:32:26","guid":{"rendered":"https:\/\/bambouclean.com\/nieuws\/"},"modified":"2026-02-18T10:36:49","modified_gmt":"2026-02-18T10:36:49","slug":"nieuws","status":"publish","type":"page","link":"https:\/\/bambouclean.com\/nl\/nieuws\/","title":{"rendered":"Nieuws"},"content":{"rendered":"\t\t<div data-elementor-type=\"wp-page\" data-elementor-id=\"1293\" class=\"elementor elementor-1293 elementor-1290\">\n\t\t\t\t<div class=\"elementor-element elementor-element-84b0143 e-flex e-con-boxed parallax_section_no qode_elementor_container_no e-con e-parent\" data-id=\"84b0143\" data-element_type=\"container\">\n\t\t\t\t\t<div class=\"e-con-inner\">\n\t\t\t\t<div class=\"elementor-element elementor-element-5a6ff08 elementor-widget elementor-widget-bridge_blog_slider\" data-id=\"5a6ff08\" data-element_type=\"widget\" data-widget_type=\"bridge_blog_slider.default\">\n\t\t\t\t<div class=\"elementor-widget-container\">\n\t\t\t\t\t<div class='blog_slider_holder clearfix '><div class='blog_slider blog_slider_carousel' data-auto_start=\"false\"><ul class='blog_slides'><li class='item'><div class=\"item_holder\"><div class=\"blog_text_holder \" ><div class=\"blog_text_holder_outer\"><div class=\"blog_text_holder_inner\"><span itemprop=\"dateCreated\" class=\"blog_slider_date_holder entry_date updated\" >augustus 26, 2025<meta itemprop=\"interactionCount\" content=\"UserComments: 0\"\/><\/span><h3 itemprop=\"name\" class=\"blog_slider_title entry_title\" ><a itemprop=\"url\" href=\"https:\/\/bambouclean.com\/nl\/bamboe-en-onroerend-goed\/\" >Bamboe en onroerend goed<\/a><\/h3><div class=\"blog_slider_categories\"><a itemprop=\"url\" class=\"blog_project_category\"  href=\"https:\/\/bambouclean.com\/nl\/category\/ongecategoriseerd\/\">Ongecategoriseerd <\/a> <\/div><\/div><\/div><\/div><div class=\"blog_image_holder\"><span class=\"image\"><img fetchpriority=\"high\" decoding=\"async\" width=\"2560\" height=\"1707\" src=\"https:\/\/bambouclean.com\/wp-content\/uploads\/2025\/08\/chinese-vegetation-background-2025-01-30-22-35-26-utc-1-scaled.jpg\" class=\"attachment-full size-full wp-post-image\" alt=\"\" srcset=\"https:\/\/bambouclean.com\/wp-content\/uploads\/2025\/08\/chinese-vegetation-background-2025-01-30-22-35-26-utc-1-scaled.jpg 2560w, https:\/\/bambouclean.com\/wp-content\/uploads\/2025\/08\/chinese-vegetation-background-2025-01-30-22-35-26-utc-1-300x200.jpg 300w, https:\/\/bambouclean.com\/wp-content\/uploads\/2025\/08\/chinese-vegetation-background-2025-01-30-22-35-26-utc-1-1024x683.jpg 1024w, https:\/\/bambouclean.com\/wp-content\/uploads\/2025\/08\/chinese-vegetation-background-2025-01-30-22-35-26-utc-1-768x512.jpg 768w, https:\/\/bambouclean.com\/wp-content\/uploads\/2025\/08\/chinese-vegetation-background-2025-01-30-22-35-26-utc-1-1536x1024.jpg 1536w, https:\/\/bambouclean.com\/wp-content\/uploads\/2025\/08\/chinese-vegetation-background-2025-01-30-22-35-26-utc-1-2048x1365.jpg 2048w, https:\/\/bambouclean.com\/wp-content\/uploads\/2025\/08\/chinese-vegetation-background-2025-01-30-22-35-26-utc-1-700x467.jpg 700w\" sizes=\"(max-width: 2560px) 100vw, 2560px\" \/><\/span><\/div><\/div><\/li><li class='item'><div class=\"item_holder\"><div class=\"blog_text_holder \" ><div class=\"blog_text_holder_outer\"><div class=\"blog_text_holder_inner\"><span itemprop=\"dateCreated\" class=\"blog_slider_date_holder entry_date updated\" >februari 18, 2026<meta itemprop=\"interactionCount\" content=\"UserComments: 0\"\/><\/span><h3 itemprop=\"name\" class=\"blog_slider_title entry_title\" ><a itemprop=\"url\" href=\"https:\/\/bambouclean.com\/nl\/batibouw-2026\/\" >Batibouw 2026<\/a><\/h3><div class=\"blog_slider_categories\"><a itemprop=\"url\" class=\"blog_project_category\"  href=\"https:\/\/bambouclean.com\/nl\/category\/ongecategoriseerd\/\">Ongecategoriseerd <\/a> <\/div><\/div><\/div><\/div><div class=\"blog_image_holder\"><span class=\"image\"><\/span><\/div><\/div><\/li><\/ul><\/div><\/div>\t\t\t\t<\/div>\n\t\t\t\t<\/div>\n\t\t\t\t\t<\/div>\n\t\t\t\t<\/div>\n\t\t\t\t<\/div>\n\t\t","protected":false},"excerpt":{"rendered":"<p>juillet 02, 2021 Hello world! Non cat\u00e9goris\u00e9 juin 24, 2025 Hello world! Non cat\u00e9goris\u00e9 ao\u00fbt 26, 2025 Bambou et immobilier Non cat\u00e9goris\u00e9 f\u00e9vrier 18, 2026 Batibouw 2026 Non cat\u00e9goris\u00e9<\/p>\n","protected":false},"author":1,"featured_media":0,"parent":0,"menu_order":0,"comment_status":"closed","ping_status":"closed","template":"","meta":{"content-type":"","footnotes":""},"class_list":["post-1293","page","type-page","status-publish","hentry"],"aioseo_notices":[],"_links":{"self":[{"href":"https:\/\/bambouclean.com\/nl\/wp-json\/wp\/v2\/pages\/1293","targetHints":{"allow":["GET"]}}],"collection":[{"href":"https:\/\/bambouclean.com\/nl\/wp-json\/wp\/v2\/pages"}],"about":[{"href":"https:\/\/bambouclean.com\/nl\/wp-json\/wp\/v2\/types\/page"}],"author":[{"embeddable":true,"href":"https:\/\/bambouclean.com\/nl\/wp-json\/wp\/v2\/users\/1"}],"replies":[{"embeddable":true,"href":"https:\/\/bambouclean.com\/nl\/wp-json\/wp\/v2\/comments?post=1293"}],"version-history":[{"count":2,"href":"https:\/\/bambouclean.com\/nl\/wp-json\/wp\/v2\/pages\/1293\/revisions"}],"predecessor-version":[{"id":1298,"href":"https:\/\/bambouclean.com\/nl\/wp-json\/wp\/v2\/pages\/1293\/revisions\/1298"}],"wp:attachment":[{"href":"https:\/\/bambouclean.com\/nl\/wp-json\/wp\/v2\/media?parent=1293"}],"curies":[{"name":"wp","href":"https:\/\/api.w.org\/{rel}","templated":true}]}}